{"id":360,"date":"2023-10-04T15:51:13","date_gmt":"2023-10-04T15:51:13","guid":{"rendered":"http:\/\/altopavia.es\/aviso-legal\/"},"modified":"2023-10-24T10:21:40","modified_gmt":"2023-10-24T10:21:40","slug":"legal","status":"publish","type":"page","link":"https:\/\/altopavia.es\/en\/legal\/","title":{"rendered":"Legal"},"content":{"rendered":"<p><div class=\"fusion-fullwidth fullwidth-box fusion-builder-row-1 fusion-flex-container nonhundred-percent-fullwidth non-hundred-percent-height-scrolling\" style=\"--awb-border-radius-top-left:0px;--awb-border-radius-top-right:0px;--awb-border-radius-bottom-right:0px;--awb-border-radius-bottom-left:0px;--awb-padding-top:0px;--awb-margin-top:45px;--awb-margin-bottom:50px;--awb-flex-wrap:wrap;\" ><div class=\"fusion-builder-row fusion-row fusion-flex-align-items-flex-start fusion-flex-content-wrap\" style=\"max-width:1248px;margin-left: calc(-4% \/ 2 );margin-right: calc(-4% \/ 2 );\"><div class=\"fusion-layout-column fusion_builder_column fusion-builder-column-0 fusion_builder_column_1_1 1_1 fusion-flex-column\" style=\"--awb-bg-size:cover;--awb-width-large:100%;--awb-margin-top-large:0px;--awb-spacing-right-large:1.92%;--awb-margin-bottom-large:0px;--awb-spacing-left-large:1.92%;--awb-width-medium:100%;--awb-spacing-right-medium:1.92%;--awb-spacing-left-medium:1.92%;--awb-width-small:100%;--awb-spacing-right-small:1.92%;--awb-spacing-left-small:1.92%;\"><div class=\"fusion-column-wrapper fusion-flex-justify-content-flex-start fusion-content-layout-column\"><div class=\"fusion-title title fusion-title-1 fusion-sep-none fusion-title-center fusion-title-text fusion-title-size-one\"><h1 class=\"fusion-title-heading title-heading-center fusion-responsive-typography-calculated\" style=\"margin:0;--fontSize:64;line-height:1;\">Legal<\/h1><\/div><div class=\"fusion-text fusion-text-1\"><h3 data-fontsize=\"36\" style=\"--fontSize: 36; line-height: 1.2;\" data-lineheight=\"43.2px\" class=\"fusion-responsive-typography-calculated\">I. GENERAL INFORMATION<\/h3>\n<p>In compliance with the duty of information provided in Law 34\/2002 on Information Society Services and Electronic Commerce (LSSI-CE) of July 11, the following general information on this website is provided below. :<\/p>\n<p>The ownership of this website, http:\/\/altopavia.es\/, (hereinafter, Website) is held by: Roberto Jos\u00e9 Gorrini, with NIF: X3863184N, and whose contact information is:<\/p>\n<p>Address: Calle R\u00edo Bergantes 27, door 2, 29620 Torremolinos<\/p>\n<p>Contact telephone number: 635 42 98 74<\/p>\n<p>Contact email: info@altopavia.es<\/p>\n<h3 data-fontsize=\"36\" style=\"--fontSize: 36; line-height: 1.2;\" data-lineheight=\"43.2px\" class=\"fusion-responsive-typography-calculated\">II. GENERAL TERMS AND CONDITIONS OF USE<\/h3>\n<h4 data-fontsize=\"24\" style=\"--fontSize: 24; line-height: 1.2;\" data-lineheight=\"28.8px\" class=\"fusion-responsive-typography-calculated\">The object of the conditions: The Website<\/h4>\n<p>The purpose of these General Conditions of Use (hereinafter, Conditions) is to regulate access and use of the Website. For the purposes of these Conditions, the Website will be understood as: the external appearance of the screen interfaces, both statically and dynamically, that is, the navigation tree; and all the elements integrated in both the screen interfaces and the navigation tree (hereinafter, Contents) and all those online services or resources that it offers to Users (hereinafter, Services).<\/p>\n<p>Alto Pav\u00eda Pasteler\u00eda reserves the right to modify, at any time, and without prior notice, the presentation and configuration of the Website and the Contents and Services that may be incorporated therein. The User acknowledges and accepts that at any time Alto Pav\u00eda Pasteler\u00eda may interrupt, deactivate and\/or cancel any of these elements that are integrated into the Website or access to them.<\/p>\n<p>Access to the Website by the User is free and, as a general rule, is free without the User having to provide any compensation to be able to enjoy it, except in relation to the cost of connection through the telecommunications network provided. by the access provider that the User has contracted.<\/p>\n<p>The use of the Contents does not require prior subscription or registration.<\/p>\n<h4 data-fontsize=\"24\" style=\"--fontSize: 24; line-height: 1.2;\" data-lineheight=\"28.8px\" class=\"fusion-responsive-typography-calculated\">The User<\/h4>\n<p>Access, navigation and use of the Website confers the status of User, so you accept, from the moment you start browsing the Website, all the Conditions established here, as well as their subsequent modifications, without prejudice to the application of the corresponding mandatory legal regulations depending on the case. Given the relevance of the above, the User is recommended to read them every time they visit the Website.<\/p>\n<p>The Alto Pav\u00eda Pasteler\u00eda Website provides a wide variety of information, services and data. The User assumes responsibility for correct use of the Website. This responsibility will extend to:<\/p>\n<p>A use of the information, Content and\/or Services and data offered by Alto Pav\u00eda Pasteler\u00eda without it being contrary to the provisions of these Conditions, the Law, morality or public order, or that in any other way may result in injury to the rights of third parties or the operation of the Website itself.<\/p>\n<p>The veracity and legality of the information provided by the User in the forms issued by Alto Pav\u00eda Pasteler\u00eda for access to certain Content or Services offered by the Website. In any case, the User will immediately notify Alto Pav\u00eda Pasteler\u00eda about any fact that allows the improper use of the information registered in said forms, such as, but not only, theft, loss, or unauthorized access to identifiers. and\/or passwords, in order to proceed to their immediate cancellation.<\/p>\n<p>Mere access to this Website does not imply establishing any type of commercial relationship between Alto Pav\u00eda Pasteler\u00eda and the User.<\/p>\n<p>Always in compliance with current legislation, this Alto Pav\u00eda Pasteler\u00eda Website is aimed at all people, regardless of their age, who can access and\/or navigate the pages of the Website.<\/p>\n<p>The Website is aimed mainly at Users residing in Spain. Alto Pav\u00eda Pasteler\u00eda does not ensure that the Website complies with the laws of other countries, either totally or partially. If the User resides or is domiciled in another place and decides to access and\/or browse the Website, he or she will do so under his or her own responsibility, and must ensure that such access and navigation complies with the local legislation that is applicable to him\/her, not assuming Alto Pav\u00eda Pastry Shop bears no responsibility whatsoever that may arise from said access.<\/p>\n<h3 data-fontsize=\"36\" style=\"--fontSize: 36; line-height: 1.2;\" data-lineheight=\"43.2px\" class=\"fusion-responsive-typography-calculated\">III. ACCESS AND NAVIGATION ON THE WEBSITE: EXCLUSION OF WARRANTIES AND LIABILITY<\/h3>\n<p>Alto Pav\u00eda Pasteler\u00eda does not guarantee the continuity, availability and usefulness of the Website, nor the Contents or Services. Alto Pav\u00eda Pasteler\u00eda will do everything possible for the proper functioning of the Website, however, it is not responsible or guarantees that access to this Website will not be uninterrupted or that it will be error-free.<\/p>\n<p>Nor is it responsible or guaranteed that the content or software that can be accessed through this Website is free of error or causes damage to the User&#8217;s computer system (software and hardware). In no case will Alto Pav\u00eda Pasteler\u00eda be responsible for losses, damages or losses of any kind that arise from access, navigation and use of the Website, including, but not limited to, those caused to computer systems or those caused by the introduction of viruses.<\/p>\n<p>Alto Pav\u00eda Pasteler\u00eda is also not responsible for any damages that may be caused to users due to improper use of this Website. In particular, it is not responsible in any way for any telecommunications drops, interruptions, lack or defect that may occur.<\/p>\n<h3 data-fontsize=\"36\" style=\"--fontSize: 36; line-height: 1.2;\" data-lineheight=\"43.2px\" class=\"fusion-responsive-typography-calculated\">IV. LINK POLICY<\/h3>\n<p>Alto Pav\u00eda Pasteler\u00eda does not offer or market, by itself or through third parties, the products and\/or services available on said linked sites.<\/p>\n<p>The User or third party who makes a hyperlink from a web page of another, different, website to the Alto Pav\u00eda Pasteler\u00eda Website must know that:<\/p>\n<p>Reproduction \u2013 in whole or in part \u2013 of any of the Contents and\/or Services of the Website is not permitted without express authorization from Alto Pav\u00eda Pasteler\u00eda.<\/p>\n<p>Nor is any false, inaccurate or incorrect statement permitted on the Alto Pav\u00eda Pasteler\u00eda Website, nor on its Contents and\/or Services.<\/p>\n<p>With the exception of the hyperlink, the website on which said hyperlink is established will not contain any element of this Website, protected as intellectual property by the Spanish legal system, unless expressly authorized by Alto Pav\u00eda Pasteler\u00eda.<\/p>\n<p>The establishment of the hyperlink will not imply the existence of relations between Alto Pav\u00eda Pasteler\u00eda and the owner of the website from which it is made, nor the knowledge and acceptance of Alto Pav\u00eda Pasteler\u00eda of the contents, services and\/or activities offered on said website. and vice versa.<\/p>\n<h3 data-fontsize=\"36\" style=\"--fontSize: 36; line-height: 1.2;\" data-lineheight=\"43.2px\" class=\"fusion-responsive-typography-calculated\">V. INTELLECTUAL AND INDUSTRIAL PROPERTY<\/h3>\n<p>Alto Pav\u00eda Pasteler\u00eda, by itself or as an assignee, is the owner of all intellectual and industrial property rights of the Website, as well as the elements contained therein (by way of example and not exhaustive, images, sound, audio, video, software or texts, brands or logos, color combinations, structure and design, selection of materials used, computer programs necessary for its operation, access and use, etc.). They will, therefore, be works protected as intellectual property by the Spanish legal system, with both Spanish and Community regulations in this field, as well as international treaties related to the matter and signed by Spain, being applicable to them.<\/p>\n<p>All rights reserved. By virtue of the provisions of the Intellectual Property Law, the reproduction, distribution and public communication, including the method of making available, of all or part of the contents of this website, for commercial purposes, are expressly prohibited. on any medium and by any technical means, without the authorization of Alto Pav\u00eda Pasteler\u00eda.<\/p>\n<p>The User agrees to respect the intellectual and industrial property rights of Alto Pav\u00eda Pasteler\u00eda. You may view the elements of the Website or even print, copy and store them on the hard drive of your computer or on any other physical medium as long as it is exclusively for your personal use. The User, however, may not delete, alter, or manipulate any protection device or security system that was installed on the Website.<\/p>\n<p>In the event that the User or third party considers that any of the Contents of the Website constitutes a violation of the intellectual property protection rights, they must immediately notify Alto Pav\u00eda Pasteler\u00eda through the contact information in the GENERAL INFORMATION section of this Legal Notice and General Conditions of Use.<\/p>\n<h3 data-fontsize=\"36\" style=\"--fontSize: 36; line-height: 1.2;\" data-lineheight=\"43.2px\" class=\"fusion-responsive-typography-calculated\">VI. LEGAL ACTIONS, APPLICABLE LAW AND JURISDICTION<\/h3>\n<p>Alto Pav\u00eda Pasteler\u00eda reserves the right to file civil or criminal actions that it deems necessary for improper use of the Website and Contents, or for non-compliance with these Conditions.<\/p>\n<p>The relationship between the User and Alto Pav\u00eda Pasteler\u00eda will be governed by the regulations in force and applicable in Spanish territory. If any controversy arises in relation to the interpretation and\/or application of these Conditions, the parties will submit their conflicts to ordinary jurisdiction, submitting to the corresponding judges and courts in accordance with law.<\/p>\n<\/div><\/div><\/div><\/div><\/div><div class=\"fusion-fullwidth fullwidth-box fusion-builder-row-2 fusion-flex-container has-pattern-background has-mask-background nonhundred-percent-fullwidth non-hundred-percent-height-scrolling\" style=\"--awb-border-color:rgba(20,22,23,0.5);--awb-border-radius-top-left:0px;--awb-border-radius-top-right:0px;--awb-border-radius-bottom-right:0px;--awb-border-radius-bottom-left:0px;--awb-padding-top:80px;--awb-padding-bottom:80px;--awb-padding-top-small:45px;--awb-padding-bottom-small:45px;--awb-background-image:linear-gradient(180deg, rgba(255,255,255,0.83) 0%,rgba(255,255,255,0.84) 100%);--awb-flex-wrap:wrap;\" ><div class=\"fusion-builder-row fusion-row fusion-flex-align-items-center fusion-flex-justify-content-center fusion-flex-content-wrap\" style=\"max-width:1248px;margin-left: calc(-4% \/ 2 );margin-right: calc(-4% \/ 2 );\"><div class=\"fusion-layout-column fusion_builder_column fusion-builder-column-1 fusion_builder_column_4_5 4_5 fusion-flex-column\" style=\"--awb-bg-size:cover;--awb-width-large:80%;--awb-margin-top-large:0px;--awb-spacing-right-large:2.4%;--awb-margin-bottom-large:0px;--awb-spacing-left-large:2.4%;--awb-width-medium:80%;--awb-order-medium:0;--awb-spacing-right-medium:2.4%;--awb-spacing-left-medium:2.4%;--awb-width-small:100%;--awb-order-small:0;--awb-spacing-right-small:1.92%;--awb-spacing-left-small:1.92%;\"><div class=\"fusion-column-wrapper fusion-column-has-shadow fusion-flex-justify-content-flex-start fusion-content-layout-column\"><div class=\"fusion-image-element \" style=\"--awb-caption-title-font-family:var(--h2_typography-font-family);--awb-caption-title-font-weight:var(--h2_typography-font-weight);--awb-caption-title-font-style:var(--h2_typography-font-style);--awb-caption-title-size:var(--h2_typography-font-size);--awb-caption-title-transform:var(--h2_typography-text-transform);--awb-caption-title-line-height:var(--h2_typography-line-height);--awb-caption-title-letter-spacing:var(--h2_typography-letter-spacing);\"><span class=\" fusion-imageframe imageframe-none imageframe-1 hover-type-none\"><img decoding=\"async\" width=\"2560\" height=\"297\" title=\"Logo-digitalizadores\" src=\"http:\/\/altopavia.es\/wp-content\/uploads\/2023\/10\/Logo-digitalizadores-scaled.webp\" alt class=\"img-responsive wp-image-318\" srcset=\"https:\/\/altopavia.es\/wp-content\/uploads\/2023\/10\/Logo-digitalizadores-200x23.webp 200w, https:\/\/altopavia.es\/wp-content\/uploads\/2023\/10\/Logo-digitalizadores-400x46.webp 400w, https:\/\/altopavia.es\/wp-content\/uploads\/2023\/10\/Logo-digitalizadores-600x70.webp 600w, https:\/\/altopavia.es\/wp-content\/uploads\/2023\/10\/Logo-digitalizadores-768x89.webp 768w, https:\/\/altopavia.es\/wp-content\/uploads\/2023\/10\/Logo-digitalizadores-800x93.webp 800w, https:\/\/altopavia.es\/wp-content\/uploads\/2023\/10\/Logo-digitalizadores-1200x139.webp 1200w, https:\/\/altopavia.es\/wp-content\/uploads\/2023\/10\/Logo-digitalizadores-1536x178.webp 1536w, https:\/\/altopavia.es\/wp-content\/uploads\/2023\/10\/Logo-digitalizadores-scaled.webp 2560w\" sizes=\"(max-width: 640px) 100vw, 1200px\" \/><\/span><\/div><\/div><\/div><\/div><\/div><\/p>\n","protected":false},"excerpt":{"rendered":"","protected":false},"author":1,"featured_media":0,"parent":0,"menu_order":0,"comment_status":"closed","ping_status":"closed","template":"","meta":{"footnotes":""},"class_list":["post-360","page","type-page","status-publish","hentry"],"yoast_head":"<!-- This site is optimized with the Yoast SEO plugin v25.6 - https:\/\/yoast.com\/wordpress\/plugins\/seo\/ -->\n<title>Legal - Alto Pav\u00eda Pasteler\u00eda<\/title>\n<meta name=\"robots\" content=\"index, follow, max-snippet:-1, max-image-preview:large, max-video-preview:-1\" \/>\n<link rel=\"canonical\" href=\"https:\/\/altopavia.es\/aviso-legal\/\" \/>\n<meta property=\"og:locale\" content=\"en_US\" \/>\n<meta property=\"og:type\" content=\"article\" \/>\n<meta property=\"og:title\" content=\"Legal - Alto Pav\u00eda Pasteler\u00eda\" \/>\n<meta property=\"og:url\" content=\"https:\/\/altopavia.es\/aviso-legal\/\" \/>\n<meta property=\"og:site_name\" content=\"Alto Pav\u00eda Pasteler\u00eda\" \/>\n<meta property=\"article:modified_time\" content=\"2023-10-24T10:21:40+00:00\" \/>\n<meta property=\"og:image\" content=\"https:\/\/altopavia.es\/wp-content\/uploads\/2023\/09\/LOGO-ALTO-PAVIA-3.png\" \/>\n\t<meta property=\"og:image:width\" content=\"7387\" \/>\n\t<meta property=\"og:image:height\" content=\"2659\" \/>\n\t<meta property=\"og:image:type\" content=\"image\/png\" \/>\n<meta name=\"twitter:card\" content=\"summary_large_image\" \/>\n<meta name=\"twitter:label1\" content=\"Est. reading time\" \/>\n\t<meta name=\"twitter:data1\" content=\"11 minutes\" \/>\n<script type=\"application\/ld+json\" class=\"yoast-schema-graph\">{\"@context\":\"https:\/\/schema.org\",\"@graph\":[{\"@type\":\"WebPage\",\"@id\":\"https:\/\/altopavia.es\/aviso-legal\/\",\"url\":\"https:\/\/altopavia.es\/aviso-legal\/\",\"name\":\"Legal - Alto Pav\u00eda Pasteler\u00eda\",\"isPartOf\":{\"@id\":\"https:\/\/altopavia.es\/#website\"},\"datePublished\":\"2023-10-04T15:51:13+00:00\",\"dateModified\":\"2023-10-24T10:21:40+00:00\",\"breadcrumb\":{\"@id\":\"https:\/\/altopavia.es\/aviso-legal\/#breadcrumb\"},\"inLanguage\":\"en-US\",\"potentialAction\":[{\"@type\":\"ReadAction\",\"target\":[\"https:\/\/altopavia.es\/aviso-legal\/\"]}]},{\"@type\":\"BreadcrumbList\",\"@id\":\"https:\/\/altopavia.es\/aviso-legal\/#breadcrumb\",\"itemListElement\":[{\"@type\":\"ListItem\",\"position\":1,\"name\":\"Portada\",\"item\":\"https:\/\/altopavia.es\/en\/\"},{\"@type\":\"ListItem\",\"position\":2,\"name\":\"Legal\"}]},{\"@type\":\"WebSite\",\"@id\":\"https:\/\/altopavia.es\/#website\",\"url\":\"https:\/\/altopavia.es\/\",\"name\":\"Alto Pav\u00eda Pasteler\u00eda\",\"description\":\"Especialidad en Dulces Argentinos en Torremolinos\",\"publisher\":{\"@id\":\"https:\/\/altopavia.es\/#organization\"},\"alternateName\":\"Alto Pav\u00eda\",\"potentialAction\":[{\"@type\":\"SearchAction\",\"target\":{\"@type\":\"EntryPoint\",\"urlTemplate\":\"https:\/\/altopavia.es\/?s={search_term_string}\"},\"query-input\":{\"@type\":\"PropertyValueSpecification\",\"valueRequired\":true,\"valueName\":\"search_term_string\"}}],\"inLanguage\":\"en-US\"},{\"@type\":\"Organization\",\"@id\":\"https:\/\/altopavia.es\/#organization\",\"name\":\"Alto Pav\u00eda Pasteler\u00eda\",\"url\":\"https:\/\/altopavia.es\/\",\"logo\":{\"@type\":\"ImageObject\",\"inLanguage\":\"en-US\",\"@id\":\"https:\/\/altopavia.es\/#\/schema\/logo\/image\/\",\"url\":\"http:\/\/altopavia.es\/wp-content\/uploads\/2023\/09\/LOGO-ALTO-PAVIA-scaled.webp\",\"contentUrl\":\"http:\/\/altopavia.es\/wp-content\/uploads\/2023\/09\/LOGO-ALTO-PAVIA-scaled.webp\",\"width\":2560,\"height\":2560,\"caption\":\"Alto Pav\u00eda Pasteler\u00eda\"},\"image\":{\"@id\":\"https:\/\/altopavia.es\/#\/schema\/logo\/image\/\"},\"sameAs\":[\"https:\/\/www.instagram.com\/altopaviatorremolinos\/\"]}]}<\/script>\n<!-- \/ Yoast SEO plugin. -->","yoast_head_json":{"title":"Legal - Alto Pav\u00eda Pasteler\u00eda","robots":{"index":"index","follow":"follow","max-snippet":"max-snippet:-1","max-image-preview":"max-image-preview:large","max-video-preview":"max-video-preview:-1"},"canonical":"https:\/\/altopavia.es\/aviso-legal\/","og_locale":"en_US","og_type":"article","og_title":"Legal - Alto Pav\u00eda Pasteler\u00eda","og_url":"https:\/\/altopavia.es\/aviso-legal\/","og_site_name":"Alto Pav\u00eda Pasteler\u00eda","article_modified_time":"2023-10-24T10:21:40+00:00","og_image":[{"width":7387,"height":2659,"url":"https:\/\/altopavia.es\/wp-content\/uploads\/2023\/09\/LOGO-ALTO-PAVIA-3.png","type":"image\/png"}],"twitter_card":"summary_large_image","twitter_misc":{"Est. reading time":"11 minutes"},"schema":{"@context":"https:\/\/schema.org","@graph":[{"@type":"WebPage","@id":"https:\/\/altopavia.es\/aviso-legal\/","url":"https:\/\/altopavia.es\/aviso-legal\/","name":"Legal - Alto Pav\u00eda Pasteler\u00eda","isPartOf":{"@id":"https:\/\/altopavia.es\/#website"},"datePublished":"2023-10-04T15:51:13+00:00","dateModified":"2023-10-24T10:21:40+00:00","breadcrumb":{"@id":"https:\/\/altopavia.es\/aviso-legal\/#breadcrumb"},"inLanguage":"en-US","potentialAction":[{"@type":"ReadAction","target":["https:\/\/altopavia.es\/aviso-legal\/"]}]},{"@type":"BreadcrumbList","@id":"https:\/\/altopavia.es\/aviso-legal\/#breadcrumb","itemListElement":[{"@type":"ListItem","position":1,"name":"Portada","item":"https:\/\/altopavia.es\/en\/"},{"@type":"ListItem","position":2,"name":"Legal"}]},{"@type":"WebSite","@id":"https:\/\/altopavia.es\/#website","url":"https:\/\/altopavia.es\/","name":"Alto Pav\u00eda Pasteler\u00eda","description":"Especialidad en Dulces Argentinos en Torremolinos","publisher":{"@id":"https:\/\/altopavia.es\/#organization"},"alternateName":"Alto Pav\u00eda","potentialAction":[{"@type":"SearchAction","target":{"@type":"EntryPoint","urlTemplate":"https:\/\/altopavia.es\/?s={search_term_string}"},"query-input":{"@type":"PropertyValueSpecification","valueRequired":true,"valueName":"search_term_string"}}],"inLanguage":"en-US"},{"@type":"Organization","@id":"https:\/\/altopavia.es\/#organization","name":"Alto Pav\u00eda Pasteler\u00eda","url":"https:\/\/altopavia.es\/","logo":{"@type":"ImageObject","inLanguage":"en-US","@id":"https:\/\/altopavia.es\/#\/schema\/logo\/image\/","url":"http:\/\/altopavia.es\/wp-content\/uploads\/2023\/09\/LOGO-ALTO-PAVIA-scaled.webp","contentUrl":"http:\/\/altopavia.es\/wp-content\/uploads\/2023\/09\/LOGO-ALTO-PAVIA-scaled.webp","width":2560,"height":2560,"caption":"Alto Pav\u00eda Pasteler\u00eda"},"image":{"@id":"https:\/\/altopavia.es\/#\/schema\/logo\/image\/"},"sameAs":["https:\/\/www.instagram.com\/altopaviatorremolinos\/"]}]}},"_links":{"self":[{"href":"https:\/\/altopavia.es\/en\/wp-json\/wp\/v2\/pages\/360","targetHints":{"allow":["GET"]}}],"collection":[{"href":"https:\/\/altopavia.es\/en\/wp-json\/wp\/v2\/pages"}],"about":[{"href":"https:\/\/altopavia.es\/en\/wp-json\/wp\/v2\/types\/page"}],"author":[{"embeddable":true,"href":"https:\/\/altopavia.es\/en\/wp-json\/wp\/v2\/users\/1"}],"replies":[{"embeddable":true,"href":"https:\/\/altopavia.es\/en\/wp-json\/wp\/v2\/comments?post=360"}],"version-history":[{"count":3,"href":"https:\/\/altopavia.es\/en\/wp-json\/wp\/v2\/pages\/360\/revisions"}],"predecessor-version":[{"id":363,"href":"https:\/\/altopavia.es\/en\/wp-json\/wp\/v2\/pages\/360\/revisions\/363"}],"wp:attachment":[{"href":"https:\/\/altopavia.es\/en\/wp-json\/wp\/v2\/media?parent=360"}],"curies":[{"name":"wp","href":"https:\/\/api.w.org\/{rel}","templated":true}]}}